{"id":13,"date":"2020-03-05T17:44:45","date_gmt":"2020-03-05T16:44:45","guid":{"rendered":"https:\/\/www.bblinae.com\/?page_id=13"},"modified":"2021-06-06T23:40:11","modified_gmt":"2021-06-06T21:40:11","slug":"bb","status":"publish","type":"page","link":"https:\/\/www.bblinae.com\/de\/bb\/","title":{"rendered":"\u00dcBERNACHTUNG MIT FR\u00dcHST\u00dcCK"},"content":{"rendered":"","protected":false},"excerpt":{"rendered":"","protected":false},"author":1,"featured_media":0,"parent":0,"menu_order":0,"comment_status":"closed","ping_status":"closed","template":"","meta":{"_acf_changed":false,"_seopress_robots_primary_cat":"","_seopress_titles_title":"Camere B&amp;B | B&amp;B Linae | Alba Adriatica","_seopress_titles_desc":"Il B&amp;B Linae ad Alba Adriatica offre Camere B&amp;B per chi cerca un servizio professionale che parte dalla colazione fino al riassetto giornaliero delle stanze.","_seopress_robots_index":"","footnotes":""},"class_list":["post-13","page","type-page","status-publish","hentry"],"acf":[],"meta_box":[],"_links":{"self":[{"href":"https:\/\/www.bblinae.com\/de\/wp-json\/wp\/v2\/pages\/13","targetHints":{"allow":["GET"]}}],"collection":[{"href":"https:\/\/www.bblinae.com\/de\/wp-json\/wp\/v2\/pages"}],"about":[{"href":"https:\/\/www.bblinae.com\/de\/wp-json\/wp\/v2\/types\/page"}],"author":[{"embeddable":true,"href":"https:\/\/www.bblinae.com\/de\/wp-json\/wp\/v2\/users\/1"}],"replies":[{"embeddable":true,"href":"https:\/\/www.bblinae.com\/de\/wp-json\/wp\/v2\/comments?post=13"}],"version-history":[{"count":2,"href":"https:\/\/www.bblinae.com\/de\/wp-json\/wp\/v2\/pages\/13\/revisions"}],"predecessor-version":[{"id":259,"href":"https:\/\/www.bblinae.com\/de\/wp-json\/wp\/v2\/pages\/13\/revisions\/259"}],"wp:attachment":[{"href":"https:\/\/www.bblinae.com\/de\/wp-json\/wp\/v2\/media?parent=13"}],"curies":[{"name":"wp","href":"https:\/\/api.w.org\/{rel}","templated":true}]}}