{"id":2,"date":"2020-03-05T17:33:56","date_gmt":"2020-03-05T16:33:56","guid":{"rendered":"https:\/\/www.bblinae.com\/?page_id=2"},"modified":"2025-01-14T14:53:05","modified_gmt":"2025-01-14T13:53:05","slug":"startseite","status":"publish","type":"page","link":"https:\/\/www.bblinae.com\/de\/","title":{"rendered":"HOME"},"content":{"rendered":"<h6>Bed and Breakfast und Residence Formula in Alba Adriatica<\/h6>\n<p class=\"translation-block\">Die k\u00fcrzlich innen und au\u00dfen renovierte Familienresidenz befindet sich in Alba Adriatica im Stadtteil Villa Fiore, wo sich die K\u00fcstenlandschaft mit gro\u00dfen, schattigen Pinienw\u00e4ldern abwechselt.<\/p>\n<\/div>\n<div id=\"_rich_text-130-2\" class=\"oxy-rich-text text-main\">Die L\u00f6sung der Formel <strong>\u00dcbernachtung mit Fr\u00fchst\u00fcck in Alba Adriatica<\/strong>bietet Doppel-, Dreibett- und Vierbettzimmer mit verschiedenen Ausstattungen, je nachdem, was f\u00fcr einen Urlaub Sie sich w\u00fcnschen. <strong>Die Wohnungen<\/strong> <strong>sind mit einer K\u00fcche ausgestattet<\/strong> und alle <strong>Komfort<\/strong> eines Hauses, mit dem zus\u00e4tzlichen Vorteil, dass <strong>Saubere W\u00e4sche und Aufr\u00e4umen der R\u00e4umlichkeiten<\/strong>. <strong>Zimmer im B&amp;B<\/strong> f\u00fcr diejenigen, die alle Annehmlichkeiten eines professionellen und umfassenden Service genie\u00dfen, der vom ersten Tag an <strong>Fr\u00fchst\u00fcck<\/strong> bis <strong>t\u00e4gliches Aufr\u00e4umen der R\u00e4ume<\/strong>. F\u00fcr unsere G\u00e4ste stehen sowohl Zimmer als auch Wohnungen zur Verf\u00fcgung: <strong>kostenloser Strandservice<\/strong> mit Sonnenschirmen, St\u00fchlen und Liegest\u00fchlen, <strong>freie Fahrr\u00e4der<\/strong> (auch mit Kindersitz), <strong>kostenpflichtige Privatparkpl\u00e4tze<\/strong>Smart-TV auf Abruf (Netflix und AmazonPrime). Dar\u00fcber hinaus sind viele <strong><a href=\"https:\/\/www.bblinae.com\/de\/pakete\/\">Familienpakete in Alba Adriatica<\/a>f\u00fcr Sommer 2025<\/strong>!<\/p>","protected":false},"excerpt":{"rendered":"<p>Formula Bed and Breakfast e Residence ad Alba Adriatica Il Residence per famiglie, ristrutturato di recente negli interni ed esterni, si trova ad Alba Adriatica nel quartiere Villa Fiore, dove il paesaggio del mare si alterna alle grandi e ombreggianti pinete. La soluzione in formula Bed and breakfast ad Alba Adriatica, offre camere doppie, triple [&hellip;]<\/p>\n","protected":false},"author":1,"featured_media":0,"parent":0,"menu_order":0,"comment_status":"closed","ping_status":"open","template":"","meta":{"_acf_changed":false,"_seopress_robots_primary_cat":"","_seopress_titles_title":"B&B Linae - Alba Adriatica Bed and Breakfast e Appartamenti","_seopress_titles_desc":"B&B Linae \u00e8 a pochi passi dal mare di Alba Adriatica. Camere con colazione e Appartamenti, con servizio spiaggia incluso, parcheggio a pagamento e bici gratis","_seopress_robots_index":"","footnotes":""},"class_list":["post-2","page","type-page","status-publish","hentry"],"acf":[],"meta_box":[],"_links":{"self":[{"href":"https:\/\/www.bblinae.com\/de\/wp-json\/wp\/v2\/pages\/2","targetHints":{"allow":["GET"]}}],"collection":[{"href":"https:\/\/www.bblinae.com\/de\/wp-json\/wp\/v2\/pages"}],"about":[{"href":"https:\/\/www.bblinae.com\/de\/wp-json\/wp\/v2\/types\/page"}],"author":[{"embeddable":true,"href":"https:\/\/www.bblinae.com\/de\/wp-json\/wp\/v2\/users\/1"}],"replies":[{"embeddable":true,"href":"https:\/\/www.bblinae.com\/de\/wp-json\/wp\/v2\/comments?post=2"}],"version-history":[{"count":25,"href":"https:\/\/www.bblinae.com\/de\/wp-json\/wp\/v2\/pages\/2\/revisions"}],"predecessor-version":[{"id":638,"href":"https:\/\/www.bblinae.com\/de\/wp-json\/wp\/v2\/pages\/2\/revisions\/638"}],"wp:attachment":[{"href":"https:\/\/www.bblinae.com\/de\/wp-json\/wp\/v2\/media?parent=2"}],"curies":[{"name":"wp","href":"https:\/\/api.w.org\/{rel}","templated":true}]}}