{"id":560,"date":"2023-10-20T18:01:14","date_gmt":"2023-10-20T16:01:14","guid":{"rendered":"https:\/\/www.bblinae.com\/?page_id=560"},"modified":"2023-10-20T18:42:05","modified_gmt":"2023-10-20T16:42:05","slug":"bedingungen-und-konditionen","status":"publish","type":"page","link":"https:\/\/www.bblinae.com\/de\/termini-e-condizioni\/","title":{"rendered":"Bedingungen und Konditionen"},"content":{"rendered":"<p><b>01.Reservierung<\/b><br \/>\nBuchungen k\u00f6nnen auf der Website, per E-Mail oder telefonisch unter der Nummer (+39) 328 3372652 vorgenommen werden, wobei eine Anzahlung in H\u00f6he von<br \/>\n35% des Gesamtbetrags.<br \/>\nDie Zahlung kann per Bank\u00fcberweisung oder per Online-Kreditkarte (STRIPE) erfolgen.<br \/>\nDer Kunde erh\u00e4lt eine Best\u00e4tigungs-E-Mail, die Hinweise enth\u00e4lt, die bei der Ankunft vorzulegen sind, und die Reservierung wird als g\u00fcltig betrachtet, sobald die Zahlung gutgeschrieben wurde. Der vereinbarte Preis f\u00fcr den Aufenthalt in unserem B&amp;B beinhaltet die Nutzung des Zimmers und des Badezimmers, das Fr\u00fchst\u00fcck (kostenlos f\u00fcr Bed&amp;Breakfast-Unterk\u00fcnfte), die Bereitstellung von Handt\u00fcchern und Bettw\u00e4sche, die Nutzung des Smart TV und der Klimaanlagen\/W\u00e4rmepumpen, die Nutzung des gesamten Badzubeh\u00f6rs, die Nutzung des Wi-Fi-Netzes f\u00fcr den Internetanschluss, den Parkplatz (je nach Verf\u00fcgbarkeit), Fahrr\u00e4der und Sonnenschirm mit Liegestuhl und Sonnenliege am privaten und ausgestatteten Strand.<\/p>\n<p><b>02. Einchecken und Auschecken<\/b><br \/>\nMindestalter der Familie oder des Gruppenleiters 25 Jahre. Die Zimmer stehen am Anreisetag ab 16.00 Uhr zur Verf\u00fcgung und m\u00fcssen am letzten Tag des Aufenthalts bis 10.00 Uhr ger\u00e4umt werden.<br \/>\nBei versp\u00e4tetem Verlassen des Zimmers wird, falls nicht vereinbart, eine zus\u00e4tzliche Nacht berechnet.<\/p>\n<p><b>03. Dokumente<\/b><br \/>\nBei der Ankunft m\u00fcssen die G\u00e4ste gem\u00e4\u00df den gesetzlichen Bestimmungen einen g\u00fcltigen Ausweis zur Registrierung vorlegen.<br \/>\nDie Nichteinhaltung dieser Verpflichtung stellt einen Versto\u00df gegen die Vorschriften des Strafgesetzbuches dar.<br \/>\nDie erworbenen Daten werden in \u00dcbereinstimmung mit den geltenden Datenschutzbestimmungen gem\u00e4\u00df dem Gesetz 675\/96 und dem Gesetzesdekret Nr. 196 vom 30. Juni 2003 verarbeitet.<\/p>\n<p><b>04. Zahlung<\/b><br \/>\nDie Zahlung des Restbetrags erfolgt bei der Ankunft in bar oder mit einem anderen zugelassenen Zahlungsmittel. Die Preise k\u00f6nnen sich gegen\u00fcber den auf der Tarifseite ver\u00f6ffentlichten Preisen \u00e4ndern.<\/p>\n<p><b>Kurtaxe<\/b><br \/>\nDas Hotel erhebt die Kurtaxe gem\u00e4\u00df den geltenden kommunalen Vorschriften.<\/p>\n<p><b>06. Zugangstasten<\/b><br \/>\nEs werden sowohl die Zimmerschl\u00fcssel als auch die B&amp;B-Schl\u00fcssel (T\u00fcr und Haus) ausgeh\u00e4ndigt.<br \/>\nEs ist strengstens untersagt, Duplikate dieser Schl\u00fcssel herzustellen.<br \/>\nIm Falle des Verlustes wird dem Gast eine Strafe von 50,00 \u20ac in Rechnung gestellt.<br \/>\nEs ist strengstens verboten, den Schl\u00fcssel im Schloss an der Innenseite der Eingangst\u00fcr des B&amp;B zu lassen, da dies den freien Zugang f\u00fcr andere G\u00e4ste und Eigent\u00fcmer behindern kann.<\/p>\n<p><b>07. Stornierung, vorzeitige Abreise, Nichterscheinen<\/b><br \/>\nIm Falle einer Stornierung 20 Tage vor dem Aufenthalt wird die Anzahlung zur\u00fcckerstattet.<br \/>\nIm Falle einer Stornierung weniger als 20 Tage vor dem Aufenthalt wird die Anzahlung einbehalten.<br \/>\nIm Falle einer Stornierung w\u00e4hrend des Aufenthalts durch den Gast wird der gesamte Betrag einbehalten.<br \/>\nBei Nichtanreise ohne vorherige Benachrichtigung wird der gesamte Betrag des gebuchten Aufenthalts in Rechnung gestellt.<\/p>\n<p><b>08. Fr\u00fchst\u00fcck<\/b><br \/>\nDas Fr\u00fchst\u00fcck wird von 08:00 bis 10:00 Uhr angeboten, es sei denn, es wird in besonderen F\u00e4llen mit dem B&amp;B-Manager anders vereinbart. Es muss im Fr\u00fchst\u00fccksraum oder in der eigenen Unterkunft verzehrt werden.<br \/>\nBei bekannten Lebensmittelunvertr\u00e4glichkeiten und Allergien bitten wir die G\u00e4ste, uns im Voraus zu informieren.<\/p>\n<p><b>09. Kochen und eigenes Essen<\/b><br \/>\nDen G\u00e4sten ist es nicht gestattet, die K\u00fcche zu benutzen oder den K\u00fchlschrank im Gemeinschaftsraum zu benutzen.<br \/>\nDas Essen im Zimmer ist erlaubt, Kocher oder offenes Feuer jeglicher Art sind verboten. Bei Bedarf wenden Sie sich bitte an den B&amp;B-Manager.<\/p>\n<p><b>10. Rauch<\/b><br \/>\nDas Rauchen ist in allen Innenbereichen des B&amp;B strengstens verboten.<\/p>\n<p><b>11. Reinigung<\/b><br \/>\nW\u00e4hrend Ihres Aufenthalts werden die Zimmer und B\u00e4der des B&amp;B t\u00e4glich gereinigt. Wenn die Wohnung belegt ist, wird die Reinigung am n\u00e4chsten Tag durchgef\u00fchrt.<br \/>\nDie Wohnungen werden zweimal pro Woche gereinigt.<br \/>\nBitte ordnen Sie Ihre pers\u00f6nlichen Gegenst\u00e4nde so an, dass eine solche Reinigung m\u00f6glich ist.<\/p>\n<p><b>12. Leinen<\/b><br \/>\nIn den Bed&amp;Breakfast-Zimmern wird die Bettw\u00e4sche alle vier Tage und die Handt\u00fccher alle zwei Tage gewechselt.<br \/>\nIn den Wohnungen wird die Bettw\u00e4sche einmal pro Woche und die Handt\u00fccher zweimal pro Woche gewechselt. Au\u00dferordentliche W\u00e4schewechsel sind nicht im Preis enthalten, ebenso wenig wie eine au\u00dferordentliche Reinigung.<\/p>\n<p><b>13. Pers\u00f6nliche Gegenst\u00e4nde<\/b><br \/>\nIn den G\u00e4ngen und Gemeinschaftsr\u00e4umen d\u00fcrfen keine Gegenst\u00e4nde jeglicher Art abgestellt werden.<br \/>\nDas B&amp;B ist nicht verantwortlich f\u00fcr unbeaufsichtigt gelassene Gegenst\u00e4nde.<\/p>\n<p><b>14. Andere G\u00e4ste<\/b><br \/>\nDer Aufenthalt von Begleitpersonen in den Zimmern ist nicht gestattet.<br \/>\nBei Nichteinhaltung wird die Geb\u00fchr verdoppelt.<\/p>\n<p><b>15. Besch\u00e4digungen und fehlende Gegenst\u00e4nde<\/b><br \/>\nJeder Schaden, der dem B&amp;B nach Feststellung der Haftung entsteht, ist vom Gast in Absprache mit dem B&amp;B-Manager zu ersetzen.<br \/>\nFehlende Gegenst\u00e4nde in den Zimmern werden den Bewohnern in Rechnung gestellt.<\/p>\n<p><b>16. Empfehlungen und Verbote<\/b><br \/>\nEs wird empfohlen, die Toiletten ordnungsgem\u00e4\u00df zu benutzen und keine Damenbinden, Wattest\u00e4bchen oder andere Gegenst\u00e4nde, die die Toiletten verstopfen k\u00f6nnen, in die Toilette zu werfen (es wird empfohlen, die daf\u00fcr vorgesehenen Beh\u00e4lter zu benutzen).<br \/>\nSie wird auch empfohlen:<br \/>\n- das Licht jedes Mal auszuschalten, wenn Sie den Raum verlassen.<br \/>\n- Lassen Sie nachts das Licht in der Eingangshalle aus und lassen Sie die Fenster nicht offen, wenn Sie nicht in den Zimmern sind.<br \/>\n- Lassen Sie Batterieladeger\u00e4te nicht angeschlossen, wenn sie nicht benutzt werden.<br \/>\n- Lassen Sie die Wasserh\u00e4hne nicht laufen (Wasser ist ein kostbares Gut!)<br \/>\n- Lassen Sie Klimaanlagen nicht laufen, wenn Sie sich nicht in den R\u00e4umen aufhalten.<br \/>\n- Stellen Sie den Fernseher leise ein, um andere G\u00e4ste nicht zu st\u00f6ren.<br \/>\nDie Verwendung von Heizger\u00e4ten, Elektrokochern, Gaskochern und dergleichen innerhalb der Einrichtung ist verboten, da sie Sch\u00e4den an der Einrichtung, an Personen und an Eigentum verursachen k\u00f6nnen.<br \/>\nEs ist verboten, laut zu sprechen, zu schreien, T\u00fcren oder Fenster zuzuschlagen, die M\u00f6bel im Flur zu durchw\u00fchlen, Kinder herumlaufen zu lassen oder elektrische Ger\u00e4te ohne elterliche Aufsicht zu benutzen.<\/p>\n<p><b>17. Stille und Beschaulichkeit<\/b><br \/>\nIn \u00dcbereinstimmung mit dem B &amp; B Reglement und dem Reglement der Gemeindepolizei werden Sie gebeten<br \/>\nin der Zeit von 14.00 bis 16.00 Uhr und von 23.00 bis 08.00 Uhr Ruhe zu bewahren.<\/p>\n<p><b>18. Reisegep\u00e4ck<\/b><br \/>\nDas B&amp;B \u00fcbernimmt keine Haftung f\u00fcr den Verlust, den Diebstahl oder die Besch\u00e4digung der in den Zimmern zur\u00fcckgelassenen Gegenst\u00e4nde der G\u00e4ste.<br \/>\nEs ist nicht gestattet, pers\u00f6nliche Gegenst\u00e4nde in den Gemeinschaftsr\u00e4umen abzustellen. Andernfalls wird keine Haftung \u00fcbernommen.<br \/>\nEs ist m\u00f6glich, Ihr Gep\u00e4ck bis zu Ihrer Abreise aus Alba Adriatica im B&amp;B zu deponieren, jedoch ohne jegliche Verantwortung.<\/p>\n<p><b>19. Internet und Wi-Fi<\/b><br \/>\nDas Anwesen ist mit einem WI-Fi-Netzwerk f\u00fcr den Internetanschluss ausgestattet, das den G\u00e4sten kostenlos zur Verf\u00fcgung gestellt wird. Das Passwort wird Ihnen mitgeteilt.<br \/>\nWir haften nicht f\u00fcr Unzul\u00e4nglichkeiten, die auf einen vollst\u00e4ndigen oder teilweisen Ausfall von Strom, Wasser, Telefon- oder Internetverbindung zur\u00fcckzuf\u00fchren sind, auf den wir keinen Einfluss haben.<\/p>","protected":false},"excerpt":{"rendered":"<p>01.Prenotazione Le prenotazioni possono essere eseguite sul sito, via mail, oppure telefonicamente al numero (+39) 328 3372652 con pagamento anticipato della caparra confirmatoria pari al 35% dell\u2019importo totale. Il pagamento potr\u00e0 essere effettuato tramite bonifico bancario o tramite carta di credito online (STRIPE). Il cliente ricever\u00e0 un'email di conferma che conterr\u00e0 riferimenti da esibire all\u2019arrivo [&hellip;]<\/p>\n","protected":false},"author":1,"featured_media":0,"parent":0,"menu_order":0,"comment_status":"closed","ping_status":"closed","template":"","meta":{"_acf_changed":false,"_seopress_robots_primary_cat":"","_seopress_titles_title":"","_seopress_titles_desc":"","_seopress_robots_index":"","footnotes":""},"class_list":["post-560","page","type-page","status-publish","hentry"],"acf":[],"meta_box":[],"_links":{"self":[{"href":"https:\/\/www.bblinae.com\/de\/wp-json\/wp\/v2\/pages\/560","targetHints":{"allow":["GET"]}}],"collection":[{"href":"https:\/\/www.bblinae.com\/de\/wp-json\/wp\/v2\/pages"}],"about":[{"href":"https:\/\/www.bblinae.com\/de\/wp-json\/wp\/v2\/types\/page"}],"author":[{"embeddable":true,"href":"https:\/\/www.bblinae.com\/de\/wp-json\/wp\/v2\/users\/1"}],"replies":[{"embeddable":true,"href":"https:\/\/www.bblinae.com\/de\/wp-json\/wp\/v2\/comments?post=560"}],"version-history":[{"count":3,"href":"https:\/\/www.bblinae.com\/de\/wp-json\/wp\/v2\/pages\/560\/revisions"}],"predecessor-version":[{"id":565,"href":"https:\/\/www.bblinae.com\/de\/wp-json\/wp\/v2\/pages\/560\/revisions\/565"}],"wp:attachment":[{"href":"https:\/\/www.bblinae.com\/de\/wp-json\/wp\/v2\/media?parent=560"}],"curies":[{"name":"wp","href":"https:\/\/api.w.org\/{rel}","templated":true}]}}