{"id":560,"date":"2023-10-20T18:01:14","date_gmt":"2023-10-20T16:01:14","guid":{"rendered":"https:\/\/www.bblinae.com\/?page_id=560"},"modified":"2023-10-20T18:42:05","modified_gmt":"2023-10-20T16:42:05","slug":"terms-and-conditions","status":"publish","type":"page","link":"https:\/\/www.bblinae.com\/en\/termini-e-condizioni\/","title":{"rendered":"Terms and Conditions"},"content":{"rendered":"<p><b>01.Reservation<\/b><br \/>\nBookings can be made on the site, by email, or by telephone on (+39) 328 3372652 with advance payment of the deposit amounting to<br \/>\n35% of the total amount.<br \/>\nPayment can be made by bank transfer or by online credit card (STRIPE).<br \/>\nThe customer will receive a confirmation email which will contain references to be shown on arrival and the reservation will be considered valid once payment has been credited. The price agreed for the stay in our B&amp;B includes the use of the room and bathroom, breakfast (free for bed&amp;breakfast accommodation), the supply of towels and sheets, the use of the Smart Tv and air conditioners\/heat pumps, the use of all bathroom accessories, use of the Wi-Fi network for Internet connection, parking space (subject to availability), bicycles and sun umbrella with deckchair and sunbed on the private and equipped beach.<\/p>\n<p><b>02. Check-in and Check-out<\/b><br \/>\nMinimum age of family or group leader 25 years. Rooms will be available from 4 p.m. on the day of arrival, and must be vacated by 10 a.m. on the last day of stay.<br \/>\nDelay in leaving the room, if not agreed upon, will result in an additional night being charged.<\/p>\n<p><b>03. Documents<\/b><br \/>\nOn arrival, guests are required to show a valid identity document for registration, in accordance with the law.<br \/>\nFailure to comply with this obligation constitutes a violation of the rules of the criminal code.<br \/>\nThe data acquired are processed in accordance with the current privacy regulations pursuant to Law 675\/96 and Legislative Decree No. 196 of 30 June 2003.<\/p>\n<p><b>04. Payment<\/b><br \/>\nPayment for the balance of your stay will be made on arrival in cash or by other authorised means of payment. Prices are subject to change from those published on the rates page.<\/p>\n<p><b>Tourist tax<\/b><br \/>\nThe hotel will charge the tourist tax in accordance with current municipal regulations.<\/p>\n<p><b>06. Access Keys<\/b><br \/>\nBoth the room keys and the B&amp;B keys (door and house) will be handed over.<br \/>\nIt is strictly forbidden to produce duplicates of these keys.<br \/>\nIn the event of loss, there is a penalty of \u20ac. 50.00 charged in full to the guest.<br \/>\nIt is strictly forbidden to leave the key in the lock on the inside of the B&amp;B entrance door, which may obstruct free access to other guests and owners.<\/p>\n<p><b>07. Cancellation, Early Departure, No Show<\/b><br \/>\nIn case of cancellation 20 days before the stay, the deposit will be returned.<br \/>\nIn the event of cancellation less than 20 days before the stay, the deposit will be retained.<br \/>\nIn case of cancellation during the stay by the guest, the full amount will be retained.<br \/>\nIn the event of non-arrival, without any notification, the entire amount of the booked stay will be charged.<\/p>\n<p><b>08. Breakfast<\/b><br \/>\nBreakfast will be available from 08:00 to 10:00 unless otherwise agreed with the B&amp;B manager for special cases. It must be taken in the breakfast room or in your own accommodation.<br \/>\nIn case of any known food intolerances and allergies, guests are kindly requested to inform us in advance.<\/p>\n<p><b>09. Cooking and own food<\/b><br \/>\nGuests are not allowed to use the kitchen or use the fridge in the common area.<br \/>\nEating food in the room is permitted, no cookers or open flames of any kind. For any needs, please ask the B&amp;B manager.<\/p>\n<p><b>10. Smoke<\/b><br \/>\nSmoking is strictly forbidden in all indoor areas of the B&amp;B.<\/p>\n<p><b>11. Cleaning<\/b><br \/>\nDuring your stay the B&amp;B bedrooms and bathrooms will be cleaned daily. If occupied, cleaning will be carried out the following day.<br \/>\nThe flat residences will be cleaned twice a week.<br \/>\nPlease arrange your personal belongings in such a way as to allow for such cleaning.<\/p>\n<p><b>12. Linen<\/b><br \/>\nIn the bed&amp;breakfast rooms, bed linen is changed every four days and towels every two days.<br \/>\nIn the flats, bed linen will be changed once a week and towels twice a week. Extraordinary linen changes are not included in the price, as is any extraordinary cleaning.<\/p>\n<p><b>13. Personal items<\/b><br \/>\nNo objects of any kind may be left in the corridors or common areas.<br \/>\nThe B&amp;B is not responsible for items left unattended.<\/p>\n<p><b>14. Other guests<\/b><br \/>\nAccompanying persons are not allowed to stay in the rooms.<br \/>\nFailure to comply will result in the fee being doubled.<\/p>\n<p><b>15. Damage and Missing Items<\/b><br \/>\nAny damage done to the B&amp;B, after liability has been established, shall be compensated by the guest in agreement with the B&amp;B manager.<br \/>\nItems missing from the rooms will be charged to the occupants.<\/p>\n<p><b>16. Recommendations and Prohibitions<\/b><br \/>\nProper use of the toilets is recommended, avoiding throwing sanitary towels, cotton buds and other objects that can clog them up in the toilet (use of the bins provided is recommended).<br \/>\nIt is also recommended:<br \/>\n- to switch off the lights every time you leave the room.<br \/>\n- during the night keep the lights off in the entrance hall, and while away from the rooms do not leave the windows open.<br \/>\n- Do not leave battery chargers connected when not in use.<br \/>\n- Do not leave taps running, (water is a precious commodity!)<br \/>\n- Do not leave air conditioners running while away from the rooms.<br \/>\n- Keep the television set at a low volume so as not to disturb other guests.<br \/>\nIt is forbidden to use heaters, electric cookers, gas cookers and the like inside the facility, as they can cause damage to the facility, persons and property.<br \/>\nIt is forbidden to speak loudly, shout, slam doors or windows, rummage through the furniture in the hall, allow children to wander around or use electrical appliances without parental supervision.<\/p>\n<p><b>17. Silence and tranquillity<\/b><br \/>\nIn accordance with the B &amp; B regulations and the Municipal Police regulations, you are requested to<br \/>\nobserve silence in the hours between 14.00 and 16.00 and from 23.00 to 08.00.<\/p>\n<p><b>18. Luggage<\/b><br \/>\nThe B&amp;B accepts no liability for the loss, theft or damage of guests' belongings left in the rooms.<br \/>\nIt is not permitted to leave personal items in the common areas. Otherwise, no liability is accepted.<br \/>\nIt will be possible to leave your luggage at the B&amp;B until your departure from Alba Adriatica, but without assuming any responsibility.<\/p>\n<p><b>19. Internet and Wi-Fi<\/b><br \/>\nThe property is equipped with a WI-Fi network for Internet connection, which is made available to guests free of charge. The password will be provided.<br \/>\nWe shall not be liable for any inefficiency due to total or partial failure of electricity, water, telephone line or internet connection beyond our control.<\/p>","protected":false},"excerpt":{"rendered":"<p>01.Prenotazione Le prenotazioni possono essere eseguite sul sito, via mail, oppure telefonicamente al numero (+39) 328 3372652 con pagamento anticipato della caparra confirmatoria pari al 35% dell\u2019importo totale. Il pagamento potr\u00e0 essere effettuato tramite bonifico bancario o tramite carta di credito online (STRIPE). Il cliente ricever\u00e0 un'email di conferma che conterr\u00e0 riferimenti da esibire all\u2019arrivo [&hellip;]<\/p>\n","protected":false},"author":1,"featured_media":0,"parent":0,"menu_order":0,"comment_status":"closed","ping_status":"closed","template":"","meta":{"_acf_changed":false,"_seopress_robots_primary_cat":"","_seopress_titles_title":"","_seopress_titles_desc":"","_seopress_robots_index":"","footnotes":""},"class_list":["post-560","page","type-page","status-publish","hentry"],"acf":[],"meta_box":[],"_links":{"self":[{"href":"https:\/\/www.bblinae.com\/en\/wp-json\/wp\/v2\/pages\/560","targetHints":{"allow":["GET"]}}],"collection":[{"href":"https:\/\/www.bblinae.com\/en\/wp-json\/wp\/v2\/pages"}],"about":[{"href":"https:\/\/www.bblinae.com\/en\/wp-json\/wp\/v2\/types\/page"}],"author":[{"embeddable":true,"href":"https:\/\/www.bblinae.com\/en\/wp-json\/wp\/v2\/users\/1"}],"replies":[{"embeddable":true,"href":"https:\/\/www.bblinae.com\/en\/wp-json\/wp\/v2\/comments?post=560"}],"version-history":[{"count":3,"href":"https:\/\/www.bblinae.com\/en\/wp-json\/wp\/v2\/pages\/560\/revisions"}],"predecessor-version":[{"id":565,"href":"https:\/\/www.bblinae.com\/en\/wp-json\/wp\/v2\/pages\/560\/revisions\/565"}],"wp:attachment":[{"href":"https:\/\/www.bblinae.com\/en\/wp-json\/wp\/v2\/media?parent=560"}],"curies":[{"name":"wp","href":"https:\/\/api.w.org\/{rel}","templated":true}]}}